{"id":1165,"date":"2020-08-20T11:27:09","date_gmt":"2020-08-20T11:27:09","guid":{"rendered":"http:\/\/ninzio.com\/silvertech\/?page_id=1165"},"modified":"2026-03-20T14:18:51","modified_gmt":"2026-03-20T14:18:51","slug":"novedades","status":"publish","type":"page","link":"https:\/\/ubidata.com.ar\/?page_id=1165","title":{"rendered":"Novedades"},"content":{"rendered":"\t\t<div data-elementor-type=\"wp-page\" data-elementor-id=\"1165\" class=\"elementor elementor-1165\">\n\t\t\t\t\t\t<section class=\"elementor-section elementor-top-section elementor-element elementor-element-6122780 elementor-section-boxed elementor-section-height-default elementor-section-height-default\" data-id=\"6122780\" data-element_type=\"section\" data-e-type=\"section\">\n\t\t\t\t\t\t<div class=\"elementor-container elementor-column-gap-default\">\n\t\t\t\t\t<div class=\"elementor-column elementor-col-100 elementor-top-column elementor-element elementor-element-3111145\" data-id=\"3111145\" data-element_type=\"column\" data-e-type=\"column\">\n\t\t\t<div class=\"elementor-widget-wrap elementor-element-populated\">\n\t\t\t\t\n\t\t<div class=\"elementor-element elementor-element-c586c0a elementor-widget elementor-widget-mae-news-grid\" data-id=\"c586c0a\" data-element_type=\"widget\" data-e-type=\"widget\" data-widget_type=\"mae-news-grid.default\">\n\t\t\t\t<div class=\"elementor-widget-container\">\n\t\t\t\t\t\n        <div class=\"master-news-grid mlr-781771091\" data-config='{\"columns\":\"3,3,2,1\",\"gapHorizontal\":30,\"gapVertical\":30,\"layoutMode\":\"grid\"}'>\n            <div class=\"galleries cbp\">\n                \n                                    \n                        <div class=\"cbp-item businesssmallbusiness \">\n                            <div class=\"master-news\">\n                                <div class=\"thumb\" style=\"background-image:url()\"><\/div><div class=\"content-wrap\"><div class=\"text-wrap\"><span class=\"post-date\">12 de April de 2026. <span class=\"time\"> 11:04 AM<\/span><\/span><span class=\"cat-item\"><a class=\"post-cat\" href=\"https:\/\/ubidata.com.ar\/?cat=60\">Business, Small Business<\/a><\/span><h3 class=\"headline-2\"><a href=\"https:\/\/ubidata.com.ar\/?p=13071\">How To Restore Kukimuki<\/a><\/h3><\/div>            <div class=\"url-wrap\">\n                <a class=\"master-link  icon-right\" href=\"https:\/\/ubidata.com.ar\/?p=13071\">\n                                        <span>Ver m\u00e1s<\/span>\n                    <span class=\"icon fa fa-arrow-right\"><\/span>                <\/a>\n            <\/div>\n\n            <\/div>                            <\/div>\n                        <\/div>\n                    \n                        <div class=\"cbp-item businesssmallbusiness \">\n                            <div class=\"master-news\">\n                                <div class=\"thumb\" style=\"background-image:url()\"><\/div><div class=\"content-wrap\"><div class=\"text-wrap\"><span class=\"post-date\">11 de April de 2026. <span class=\"time\"> 5:17 AM<\/span><\/span><span class=\"cat-item\"><a class=\"post-cat\" href=\"https:\/\/ubidata.com.ar\/?cat=60\">Business, Small Business<\/a><\/span><h3 class=\"headline-2\"><a href=\"https:\/\/ubidata.com.ar\/?p=13069\">The Ultimate Secret Of Kuki Muki<\/a><\/h3><\/div>            <div class=\"url-wrap\">\n                <a class=\"master-link  icon-right\" href=\"https:\/\/ubidata.com.ar\/?p=13069\">\n                                        <span>Ver m\u00e1s<\/span>\n                    <span class=\"icon fa fa-arrow-right\"><\/span>                <\/a>\n            <\/div>\n\n            <\/div>                            <\/div>\n                        <\/div>\n                    \n                        <div class=\"cbp-item address-intelligence normalizacion-de-datos onboarding sin-categoria ultima-milla validacion-de-direcciones \">\n                            <div class=\"master-news\">\n                                <div class=\"thumb\" style=\"background-image:url(https:\/\/ubidata.com.ar\/wp-content\/uploads\/2026\/03\/Diseno-1.webp)\"><img fetchpriority=\"high\" decoding=\"async\" width=\"1609\" height=\"905\" src=\"https:\/\/ubidata.com.ar\/wp-content\/uploads\/2026\/03\/Diseno-1.webp\" class=\"attachment-full size-full wp-post-image\" alt=\"Fallos de direccion en onboarding digital\" srcset=\"https:\/\/ubidata.com.ar\/wp-content\/uploads\/2026\/03\/Diseno-1.webp 1609w, https:\/\/ubidata.com.ar\/wp-content\/uploads\/2026\/03\/Diseno-1-300x169.webp 300w, https:\/\/ubidata.com.ar\/wp-content\/uploads\/2026\/03\/Diseno-1-1024x576.webp 1024w, https:\/\/ubidata.com.ar\/wp-content\/uploads\/2026\/03\/Diseno-1-768x432.webp 768w, https:\/\/ubidata.com.ar\/wp-content\/uploads\/2026\/03\/Diseno-1-1536x864.webp 1536w\" sizes=\"(max-width: 1609px) 100vw, 1609px\" \/><\/div><div class=\"content-wrap\"><div class=\"text-wrap\"><span class=\"post-date\">28 de March de 2026. <span class=\"time\"> 6:51 PM<\/span><\/span><span class=\"cat-item\"><a class=\"post-cat\" href=\"https:\/\/ubidata.com.ar\/?cat=56\">Validaci\u00f3n de direcciones<\/a><\/span><h3 class=\"headline-2\"><a href=\"https:\/\/ubidata.com.ar\/?p=13062\">El impacto de validar la direcci\u00f3n en el onboarding digital: menos errores, menos fricci\u00f3n, m\u00e1s conversiones<\/a><\/h3><\/div>            <div class=\"url-wrap\">\n                <a class=\"master-link  icon-right\" href=\"https:\/\/ubidata.com.ar\/?p=13062\">\n                                        <span>Ver m\u00e1s<\/span>\n                    <span class=\"icon fa fa-arrow-right\"><\/span>                <\/a>\n            <\/div>\n\n            <\/div>                            <\/div>\n                        <\/div>\n                    \n                        <div class=\"cbp-item address-intelligence ultima-milla validacion-de-direcciones \">\n                            <div class=\"master-news\">\n                                <div class=\"thumb\" style=\"background-image:url(https:\/\/ubidata.com.ar\/wp-content\/uploads\/2026\/03\/Diseno.webp)\"><img decoding=\"async\" width=\"800\" height=\"450\" src=\"https:\/\/ubidata.com.ar\/wp-content\/uploads\/2026\/03\/Diseno.webp\" class=\"attachment-full size-full wp-post-image\" alt=\"Representaci\u00f3n de Direcci\u00f3n incorrecta en la ultima milla\" srcset=\"https:\/\/ubidata.com.ar\/wp-content\/uploads\/2026\/03\/Diseno.webp 800w, https:\/\/ubidata.com.ar\/wp-content\/uploads\/2026\/03\/Diseno-300x169.webp 300w, https:\/\/ubidata.com.ar\/wp-content\/uploads\/2026\/03\/Diseno-768x432.webp 768w\" sizes=\"(max-width: 800px) 100vw, 800px\" \/><\/div><div class=\"content-wrap\"><div class=\"text-wrap\"><span class=\"post-date\">21 de March de 2026. <span class=\"time\"> 10:46 PM<\/span><\/span><span class=\"cat-item\"><a class=\"post-cat\" href=\"https:\/\/ubidata.com.ar\/?cat=56\">Validaci\u00f3n de direcciones<\/a><\/span><h3 class=\"headline-2\"><a href=\"https:\/\/ubidata.com.ar\/?p=13052\">El costo oculto de una direcci\u00f3n mal cargada: por qu\u00e9 la \u00faltima milla empieza antes del despacho<\/a><\/h3><\/div>            <div class=\"url-wrap\">\n                <a class=\"master-link  icon-right\" href=\"https:\/\/ubidata.com.ar\/?p=13052\">\n                                        <span>Ver m\u00e1s<\/span>\n                    <span class=\"icon fa fa-arrow-right\"><\/span>                <\/a>\n            <\/div>\n\n            <\/div>                            <\/div>\n                        <\/div>\n                    \n                        <div class=\"cbp-item validacion-de-direcciones \">\n                            <div class=\"master-news\">\n                                <div class=\"thumb\" style=\"background-image:url(https:\/\/ubidata.com.ar\/wp-content\/uploads\/2025\/04\/validaciondirecciones.jpg)\"><img decoding=\"async\" width=\"1174\" height=\"652\" src=\"https:\/\/ubidata.com.ar\/wp-content\/uploads\/2025\/04\/validaciondirecciones.jpg\" class=\"attachment-full size-full wp-post-image\" alt=\"representaci\u00f3n de validaci\u00f3n de direcciones\" srcset=\"https:\/\/ubidata.com.ar\/wp-content\/uploads\/2025\/04\/validaciondirecciones.jpg 1174w, https:\/\/ubidata.com.ar\/wp-content\/uploads\/2025\/04\/validaciondirecciones-300x167.jpg 300w, https:\/\/ubidata.com.ar\/wp-content\/uploads\/2025\/04\/validaciondirecciones-1024x569.jpg 1024w, https:\/\/ubidata.com.ar\/wp-content\/uploads\/2025\/04\/validaciondirecciones-768x427.jpg 768w\" sizes=\"(max-width: 1174px) 100vw, 1174px\" \/><\/div><div class=\"content-wrap\"><div class=\"text-wrap\"><span class=\"post-date\">8 de April de 2025. <span class=\"time\"> 6:24 PM<\/span><\/span><span class=\"cat-item\"><a class=\"post-cat\" href=\"https:\/\/ubidata.com.ar\/?cat=56\">Validaci\u00f3n de direcciones<\/a><\/span><h3 class=\"headline-2\"><a href=\"https:\/\/ubidata.com.ar\/?p=12959\">Validaci\u00f3n de direcciones: Mejorando la precisi\u00f3n con representaciones sem\u00e1nticas profundas<\/a><\/h3><\/div>            <div class=\"url-wrap\">\n                <a class=\"master-link  icon-right\" href=\"https:\/\/ubidata.com.ar\/?p=12959\">\n                                        <span>Ver m\u00e1s<\/span>\n                    <span class=\"icon fa fa-arrow-right\"><\/span>                <\/a>\n            <\/div>\n\n            <\/div>                            <\/div>\n                        <\/div>\n                    \n                        <div class=\"cbp-item analisis-de-datos \">\n                            <div class=\"master-news\">\n                                <div class=\"thumb\" style=\"background-image:url(https:\/\/ubidata.com.ar\/wp-content\/uploads\/2025\/04\/futurodelacalidaddedatos.jpg)\"><img loading=\"lazy\" decoding=\"async\" width=\"1174\" height=\"652\" src=\"https:\/\/ubidata.com.ar\/wp-content\/uploads\/2025\/04\/futurodelacalidaddedatos.jpg\" class=\"attachment-full size-full wp-post-image\" alt=\"\" srcset=\"https:\/\/ubidata.com.ar\/wp-content\/uploads\/2025\/04\/futurodelacalidaddedatos.jpg 1174w, https:\/\/ubidata.com.ar\/wp-content\/uploads\/2025\/04\/futurodelacalidaddedatos-300x167.jpg 300w, https:\/\/ubidata.com.ar\/wp-content\/uploads\/2025\/04\/futurodelacalidaddedatos-1024x569.jpg 1024w, https:\/\/ubidata.com.ar\/wp-content\/uploads\/2025\/04\/futurodelacalidaddedatos-768x427.jpg 768w\" sizes=\"(max-width: 1174px) 100vw, 1174px\" \/><\/div><div class=\"content-wrap\"><div class=\"text-wrap\"><span class=\"post-date\">8 de April de 2025. <span class=\"time\"> 5:51 PM<\/span><\/span><span class=\"cat-item\"><a class=\"post-cat\" href=\"https:\/\/ubidata.com.ar\/?cat=54\">An\u00e1lisis de datos<\/a><\/span><h3 class=\"headline-2\"><a href=\"https:\/\/ubidata.com.ar\/?p=12951\">El futuro de la calidad de datos: Tendencias emergentes<\/a><\/h3><\/div>            <div class=\"url-wrap\">\n                <a class=\"master-link  icon-right\" href=\"https:\/\/ubidata.com.ar\/?p=12951\">\n                                        <span>Ver m\u00e1s<\/span>\n                    <span class=\"icon fa fa-arrow-right\"><\/span>                <\/a>\n            <\/div>\n\n            <\/div>                            <\/div>\n                        <\/div>\n                    \n                        <div class=\"cbp-item analisis-de-datos \">\n                            <div class=\"master-news\">\n                                <div class=\"thumb\" style=\"background-image:url(https:\/\/ubidata.com.ar\/wp-content\/uploads\/2025\/04\/Papel-Fundamental-del-Aprendizaje-Automatico.png)\"><img loading=\"lazy\" decoding=\"async\" width=\"1174\" height=\"652\" src=\"https:\/\/ubidata.com.ar\/wp-content\/uploads\/2025\/04\/Papel-Fundamental-del-Aprendizaje-Automatico.png\" class=\"attachment-full size-full wp-post-image\" alt=\"\" srcset=\"https:\/\/ubidata.com.ar\/wp-content\/uploads\/2025\/04\/Papel-Fundamental-del-Aprendizaje-Automatico.png 1174w, https:\/\/ubidata.com.ar\/wp-content\/uploads\/2025\/04\/Papel-Fundamental-del-Aprendizaje-Automatico-300x167.png 300w, https:\/\/ubidata.com.ar\/wp-content\/uploads\/2025\/04\/Papel-Fundamental-del-Aprendizaje-Automatico-1024x569.png 1024w, https:\/\/ubidata.com.ar\/wp-content\/uploads\/2025\/04\/Papel-Fundamental-del-Aprendizaje-Automatico-768x427.png 768w\" sizes=\"(max-width: 1174px) 100vw, 1174px\" \/><\/div><div class=\"content-wrap\"><div class=\"text-wrap\"><span class=\"post-date\">8 de April de 2025. <span class=\"time\"> 4:04 PM<\/span><\/span><span class=\"cat-item\"><a class=\"post-cat\" href=\"https:\/\/ubidata.com.ar\/?cat=54\">An\u00e1lisis de datos<\/a><\/span><h3 class=\"headline-2\"><a href=\"https:\/\/ubidata.com.ar\/?p=12884\">El papel fundamental del aprendizaje autom\u00e1tico en el an\u00e1lisis de datos moderno<\/a><\/h3><\/div>            <div class=\"url-wrap\">\n                <a class=\"master-link  icon-right\" href=\"https:\/\/ubidata.com.ar\/?p=12884\">\n                                        <span>Ver m\u00e1s<\/span>\n                    <span class=\"icon fa fa-arrow-right\"><\/span>                <\/a>\n            <\/div>\n\n            <\/div>                            <\/div>\n                        <\/div>\n                                <\/div><!-- galleries -->\n        <\/div><!-- master-portfolio -->\n\n        \n        \t\t\t\t<\/div>\n\t\t\t\t<\/div>\n\t\t\t\t\t<\/div>\n\t\t<\/div>\n\t\t\t\t\t<\/div>\n\t\t<\/section>\n\t\t\t\t<\/div>\n\t\t","protected":false},"excerpt":{"rendered":"<p>8 abril, 2025. 6:24 PMValidaci\u00f3n de direcciones Validaci\u00f3n de direcciones: Mejorando la precisi\u00f3n con representaciones sem\u00e1nticas profundas Ver m\u00e1s 8 abril, 2025. 5:51 PMAn\u00e1lisis de datos El futuro de la calidad de datos: Tendencias emergentes Ver m\u00e1s 8 abril, 2025. 4:04 PMAn\u00e1lisis de datos El papel fundamental del aprendizaje autom\u00e1tico en el an\u00e1lisis de datos moderno Ver m\u00e1s<\/p>\n","protected":false},"author":2,"featured_media":0,"parent":0,"menu_order":0,"comment_status":"closed","ping_status":"closed","template":"","meta":{"footnotes":""},"class_list":["post-1165","page","type-page","status-publish","hentry"],"yoast_head":"<!-- This site is optimized with the Yoast SEO plugin v27.2 - https:\/\/yoast.com\/product\/yoast-seo-wordpress\/ -->\n<title>Novedades - Ubidata<\/title>\n<meta name=\"robots\" content=\"index, follow, max-snippet:-1, max-image-preview:large, max-video-preview:-1\" \/>\n<link rel=\"canonical\" href=\"https:\/\/ubidata.com.ar\/?page_id=1165\" \/>\n<meta property=\"og:locale\" content=\"en_US\" \/>\n<meta property=\"og:type\" content=\"article\" \/>\n<meta property=\"og:title\" content=\"Novedades - Ubidata\" \/>\n<meta property=\"og:description\" content=\"8 abril, 2025. 6:24 PMValidaci\u00f3n de direcciones Validaci\u00f3n de direcciones: Mejorando la precisi\u00f3n con representaciones sem\u00e1nticas profundas Ver m\u00e1s 8 abril, 2025. 5:51 PMAn\u00e1lisis de datos El futuro de la calidad de datos: Tendencias emergentes Ver m\u00e1s 8 abril, 2025. 4:04 PMAn\u00e1lisis de datos El papel fundamental del aprendizaje autom\u00e1tico en el an\u00e1lisis de datos moderno Ver m\u00e1s\" \/>\n<meta property=\"og:url\" content=\"https:\/\/ubidata.com.ar\/?page_id=1165\" \/>\n<meta property=\"og:site_name\" content=\"Ubidata\" \/>\n<meta property=\"article:modified_time\" content=\"2026-03-20T14:18:51+00:00\" \/>\n<meta property=\"og:image\" content=\"https:\/\/ubidata.com.ar\/wp-content\/uploads\/2025\/04\/validaciondirecciones.jpg\" \/>\n<meta name=\"twitter:card\" content=\"summary_large_image\" \/>\n<meta name=\"twitter:label1\" content=\"Est. reading time\" \/>\n\t<meta name=\"twitter:data1\" content=\"1 minute\" \/>\n<script type=\"application\/ld+json\" class=\"yoast-schema-graph\">{\"@context\":\"https:\/\/schema.org\",\"@graph\":[{\"@type\":\"WebPage\",\"@id\":\"https:\/\/ubidata.com.ar\/?page_id=1165\",\"url\":\"https:\/\/ubidata.com.ar\/?page_id=1165\",\"name\":\"Novedades - Ubidata\",\"isPartOf\":{\"@id\":\"https:\/\/ubidata.com.ar\/#website\"},\"primaryImageOfPage\":{\"@id\":\"https:\/\/ubidata.com.ar\/?page_id=1165#primaryimage\"},\"image\":{\"@id\":\"https:\/\/ubidata.com.ar\/?page_id=1165#primaryimage\"},\"thumbnailUrl\":\"https:\/\/ubidata.com.ar\/wp-content\/uploads\/2025\/04\/validaciondirecciones.jpg\",\"datePublished\":\"2020-08-20T11:27:09+00:00\",\"dateModified\":\"2026-03-20T14:18:51+00:00\",\"breadcrumb\":{\"@id\":\"https:\/\/ubidata.com.ar\/?page_id=1165#breadcrumb\"},\"inLanguage\":\"en-US\",\"potentialAction\":[{\"@type\":\"ReadAction\",\"target\":[\"https:\/\/ubidata.com.ar\/?page_id=1165\"]}]},{\"@type\":\"ImageObject\",\"inLanguage\":\"en-US\",\"@id\":\"https:\/\/ubidata.com.ar\/?page_id=1165#primaryimage\",\"url\":\"https:\/\/ubidata.com.ar\/wp-content\/uploads\/2025\/04\/validaciondirecciones.jpg\",\"contentUrl\":\"https:\/\/ubidata.com.ar\/wp-content\/uploads\/2025\/04\/validaciondirecciones.jpg\",\"width\":1174,\"height\":652,\"caption\":\"validaci\u00f3n de direcciones\"},{\"@type\":\"BreadcrumbList\",\"@id\":\"https:\/\/ubidata.com.ar\/?page_id=1165#breadcrumb\",\"itemListElement\":[{\"@type\":\"ListItem\",\"position\":1,\"name\":\"Portada\",\"item\":\"https:\/\/ubidata.com.ar\/\"},{\"@type\":\"ListItem\",\"position\":2,\"name\":\"Novedades\"}]},{\"@type\":\"WebSite\",\"@id\":\"https:\/\/ubidata.com.ar\/#website\",\"url\":\"https:\/\/ubidata.com.ar\/\",\"name\":\"Ubidata\",\"description\":\"Inteligencia en datos\",\"publisher\":{\"@id\":\"https:\/\/ubidata.com.ar\/#organization\"},\"potentialAction\":[{\"@type\":\"SearchAction\",\"target\":{\"@type\":\"EntryPoint\",\"urlTemplate\":\"https:\/\/ubidata.com.ar\/?s={search_term_string}\"},\"query-input\":{\"@type\":\"PropertyValueSpecification\",\"valueRequired\":true,\"valueName\":\"search_term_string\"}}],\"inLanguage\":\"en-US\"},{\"@type\":\"Organization\",\"@id\":\"https:\/\/ubidata.com.ar\/#organization\",\"name\":\"Ubidata\",\"url\":\"https:\/\/ubidata.com.ar\/\",\"logo\":{\"@type\":\"ImageObject\",\"inLanguage\":\"en-US\",\"@id\":\"https:\/\/ubidata.com.ar\/#\/schema\/logo\/image\/\",\"url\":\"https:\/\/ubidata.com.ar\/wp-content\/uploads\/2023\/01\/logo_ubidata_2023.png\",\"contentUrl\":\"https:\/\/ubidata.com.ar\/wp-content\/uploads\/2023\/01\/logo_ubidata_2023.png\",\"width\":358,\"height\":85,\"caption\":\"Ubidata\"},\"image\":{\"@id\":\"https:\/\/ubidata.com.ar\/#\/schema\/logo\/image\/\"}}]}<\/script>\n<!-- \/ Yoast SEO plugin. -->","yoast_head_json":{"title":"Novedades - Ubidata","robots":{"index":"index","follow":"follow","max-snippet":"max-snippet:-1","max-image-preview":"max-image-preview:large","max-video-preview":"max-video-preview:-1"},"canonical":"https:\/\/ubidata.com.ar\/?page_id=1165","og_locale":"en_US","og_type":"article","og_title":"Novedades - Ubidata","og_description":"8 abril, 2025. 6:24 PMValidaci\u00f3n de direcciones Validaci\u00f3n de direcciones: Mejorando la precisi\u00f3n con representaciones sem\u00e1nticas profundas Ver m\u00e1s 8 abril, 2025. 5:51 PMAn\u00e1lisis de datos El futuro de la calidad de datos: Tendencias emergentes Ver m\u00e1s 8 abril, 2025. 4:04 PMAn\u00e1lisis de datos El papel fundamental del aprendizaje autom\u00e1tico en el an\u00e1lisis de datos moderno Ver m\u00e1s","og_url":"https:\/\/ubidata.com.ar\/?page_id=1165","og_site_name":"Ubidata","article_modified_time":"2026-03-20T14:18:51+00:00","og_image":[{"url":"https:\/\/ubidata.com.ar\/wp-content\/uploads\/2025\/04\/validaciondirecciones.jpg","type":"","width":"","height":""}],"twitter_card":"summary_large_image","twitter_misc":{"Est. reading time":"1 minute"},"schema":{"@context":"https:\/\/schema.org","@graph":[{"@type":"WebPage","@id":"https:\/\/ubidata.com.ar\/?page_id=1165","url":"https:\/\/ubidata.com.ar\/?page_id=1165","name":"Novedades - Ubidata","isPartOf":{"@id":"https:\/\/ubidata.com.ar\/#website"},"primaryImageOfPage":{"@id":"https:\/\/ubidata.com.ar\/?page_id=1165#primaryimage"},"image":{"@id":"https:\/\/ubidata.com.ar\/?page_id=1165#primaryimage"},"thumbnailUrl":"https:\/\/ubidata.com.ar\/wp-content\/uploads\/2025\/04\/validaciondirecciones.jpg","datePublished":"2020-08-20T11:27:09+00:00","dateModified":"2026-03-20T14:18:51+00:00","breadcrumb":{"@id":"https:\/\/ubidata.com.ar\/?page_id=1165#breadcrumb"},"inLanguage":"en-US","potentialAction":[{"@type":"ReadAction","target":["https:\/\/ubidata.com.ar\/?page_id=1165"]}]},{"@type":"ImageObject","inLanguage":"en-US","@id":"https:\/\/ubidata.com.ar\/?page_id=1165#primaryimage","url":"https:\/\/ubidata.com.ar\/wp-content\/uploads\/2025\/04\/validaciondirecciones.jpg","contentUrl":"https:\/\/ubidata.com.ar\/wp-content\/uploads\/2025\/04\/validaciondirecciones.jpg","width":1174,"height":652,"caption":"validaci\u00f3n de direcciones"},{"@type":"BreadcrumbList","@id":"https:\/\/ubidata.com.ar\/?page_id=1165#breadcrumb","itemListElement":[{"@type":"ListItem","position":1,"name":"Portada","item":"https:\/\/ubidata.com.ar\/"},{"@type":"ListItem","position":2,"name":"Novedades"}]},{"@type":"WebSite","@id":"https:\/\/ubidata.com.ar\/#website","url":"https:\/\/ubidata.com.ar\/","name":"Ubidata","description":"Inteligencia en datos","publisher":{"@id":"https:\/\/ubidata.com.ar\/#organization"},"potentialAction":[{"@type":"SearchAction","target":{"@type":"EntryPoint","urlTemplate":"https:\/\/ubidata.com.ar\/?s={search_term_string}"},"query-input":{"@type":"PropertyValueSpecification","valueRequired":true,"valueName":"search_term_string"}}],"inLanguage":"en-US"},{"@type":"Organization","@id":"https:\/\/ubidata.com.ar\/#organization","name":"Ubidata","url":"https:\/\/ubidata.com.ar\/","logo":{"@type":"ImageObject","inLanguage":"en-US","@id":"https:\/\/ubidata.com.ar\/#\/schema\/logo\/image\/","url":"https:\/\/ubidata.com.ar\/wp-content\/uploads\/2023\/01\/logo_ubidata_2023.png","contentUrl":"https:\/\/ubidata.com.ar\/wp-content\/uploads\/2023\/01\/logo_ubidata_2023.png","width":358,"height":85,"caption":"Ubidata"},"image":{"@id":"https:\/\/ubidata.com.ar\/#\/schema\/logo\/image\/"}}]}},"_links":{"self":[{"href":"https:\/\/ubidata.com.ar\/index.php?rest_route=\/wp\/v2\/pages\/1165","targetHints":{"allow":["GET"]}}],"collection":[{"href":"https:\/\/ubidata.com.ar\/index.php?rest_route=\/wp\/v2\/pages"}],"about":[{"href":"https:\/\/ubidata.com.ar\/index.php?rest_route=\/wp\/v2\/types\/page"}],"author":[{"embeddable":true,"href":"https:\/\/ubidata.com.ar\/index.php?rest_route=\/wp\/v2\/users\/2"}],"replies":[{"embeddable":true,"href":"https:\/\/ubidata.com.ar\/index.php?rest_route=%2Fwp%2Fv2%2Fcomments&post=1165"}],"version-history":[{"count":9,"href":"https:\/\/ubidata.com.ar\/index.php?rest_route=\/wp\/v2\/pages\/1165\/revisions"}],"predecessor-version":[{"id":13036,"href":"https:\/\/ubidata.com.ar\/index.php?rest_route=\/wp\/v2\/pages\/1165\/revisions\/13036"}],"wp:attachment":[{"href":"https:\/\/ubidata.com.ar\/index.php?rest_route=%2Fwp%2Fv2%2Fmedia&parent=1165"}],"curies":[{"name":"wp","href":"https:\/\/api.w.org\/{rel}","templated":true}]}}